{"id":9156,"date":"2022-04-18T15:44:11","date_gmt":"2022-04-18T12:44:11","guid":{"rendered":"https:\/\/ellilyraraki.com\/?page_id=9156"},"modified":"2025-06-21T00:07:21","modified_gmt":"2025-06-20T21:07:21","slug":"about-elli","status":"publish","type":"page","link":"https:\/\/ellilyraraki.com\/fr\/about-elli\/","title":{"rendered":"About"},"content":{"rendered":"<div data-elementor-type=\"wp-post\" data-elementor-id=\"9156\" class=\"elementor elementor-9156\">\n\t\t\t\t\t\t<section class=\"elementor-section elementor-top-section elementor-element elementor-element-672fcf6 elementor-section-boxed elementor-section-height-default elementor-section-height-default\" data-id=\"672fcf6\" data-element_type=\"section\">\n\t\t\t\t\t\t<div class=\"elementor-container elementor-column-gap-default\">\n\t\t\t\t\t<div class=\"elementor-column elementor-col-100 elementor-top-column elementor-element elementor-element-08f3916\" data-id=\"08f3916\" data-element_type=\"column\">\n\t\t\t<div class=\"elementor-widget-wrap elementor-element-populated\">\n\t\t\t\t\t\t<div class=\"elementor-element elementor-element-71031a3 elementor-widget elementor-widget-heading\" data-id=\"71031a3\" data-element_type=\"widget\" data-widget_type=\"heading.default\">\n\t\t\t\t<div class=\"elementor-widget-container\">\n\t\t\t\t\t<h2 class=\"elementor-heading-title elementor-size-default\"><h2><span>Walk\u2026 with her<\/span><\/h2><\/h2>\t\t\t\t<\/div>\n\t\t\t\t<\/div>\n\t\t\t\t\t<\/div>\n\t\t<\/div>\n\t\t\t\t\t<\/div>\n\t\t<\/section>\n\t\t\t\t<section class=\"elementor-section elementor-top-section elementor-element elementor-element-284111a8 elementor-section-boxed elementor-section-height-default elementor-section-height-default\" data-id=\"284111a8\" data-element_type=\"section\">\n\t\t\t\t\t\t<div class=\"elementor-container elementor-column-gap-default\">\n\t\t\t\t\t<div class=\"elementor-column elementor-col-100 elementor-top-column elementor-element elementor-element-58d0056b\" data-id=\"58d0056b\" data-element_type=\"column\">\n\t\t\t<div class=\"elementor-widget-wrap elementor-element-populated\">\n\t\t\t\t\t\t<section class=\"elementor-section elementor-inner-section elementor-element elementor-element-6aea7cb elementor-section-boxed elementor-section-height-default elementor-section-height-default\" data-id=\"6aea7cb\" data-element_type=\"section\">\n\t\t\t\t\t\t<div class=\"elementor-container elementor-column-gap-default\">\n\t\t\t\t\t<div class=\"elementor-column elementor-col-50 elementor-inner-column elementor-element elementor-element-b564b1b\" data-id=\"b564b1b\" data-element_type=\"column\">\n\t\t\t<div class=\"elementor-widget-wrap elementor-element-populated\">\n\t\t\t\t\t\t<div class=\"elementor-element elementor-element-5c42dd7 elementor-widget elementor-widget-image\" data-id=\"5c42dd7\" data-element_type=\"widget\" data-widget_type=\"image.default\">\n\t\t\t\t<div class=\"elementor-widget-container\">\n\t\t\t\t\t\t\t\t\t\t\t\t\t\t\t<img fetchpriority=\"high\" decoding=\"async\" width=\"586\" height=\"800\" src=\"https:\/\/ellilyraraki.com\/wp-content\/uploads\/2019\/07\/IMG-d84f2690c638e51cdd041259bcbb1ee1-V.jpg\" class=\"attachment-large size-large wp-image-182\" alt=\"\" srcset=\"https:\/\/ellilyraraki.com\/wp-content\/uploads\/2019\/07\/IMG-d84f2690c638e51cdd041259bcbb1ee1-V.jpg 586w, https:\/\/ellilyraraki.com\/wp-content\/uploads\/2019\/07\/IMG-d84f2690c638e51cdd041259bcbb1ee1-V-220x300.jpg 220w\" sizes=\"(max-width: 586px) 100vw, 586px\" \/>\t\t\t\t\t\t\t\t\t\t\t\t\t\t\t<\/div>\n\t\t\t\t<\/div>\n\t\t\t\t\t<\/div>\n\t\t<\/div>\n\t\t\t\t<div class=\"elementor-column elementor-col-50 elementor-inner-column elementor-element elementor-element-5b69590\" data-id=\"5b69590\" data-element_type=\"column\">\n\t\t\t<div class=\"elementor-widget-wrap elementor-element-populated\">\n\t\t\t\t\t\t<div class=\"elementor-element elementor-element-42c6e37 elementor-widget elementor-widget-text-editor\" data-id=\"42c6e37\" data-element_type=\"widget\" data-widget_type=\"text-editor.default\">\n\t\t\t\t<div class=\"elementor-widget-container\">\n\t\t\t\t\t\t\t\t\t<p><\/p>\n<p><span style=\"color: #7a7a7a;font-family: Roboto, sans-serif;font-weight: 400;font-size: 14px\">Elle a grandi en jouant avec des morceaux d\u2019\u00e9toffes emprunt\u00e9s \u00e0 sa m\u00e8re, depuis leur magasin de famille ainsi qu\u2019en courant \u00e0 travers les vignobles de ses oncles en Cr\u00e8te, des fameux vinificateurs dont les vins ont d\u00e9cern\u00e9 plusieurs prix partout dans la plan\u00e8te.<\/span><\/p>\n<p><\/p>\n<p>Ellie Lyraraki est n\u00e9e \u00e0 Ath\u00e8nes o\u00f9 elle a grandi; or, elle est originaire de l\u2019\u00eele de Cr\u00e8te et plus particuli\u00e8rement d\u2019un petit village \u00e0 H\u00e9raklion qui s\u2019appelle Alagni, ou Alagonie pendant l\u2019antiquit\u00e9. Par ailleurs, une grande partie de la mythologie grecque est n\u00e9e sur l\u2019\u00eele ensoleill\u00e9e de Cr\u00e8te. C\u2019\u00e9tait Jupiter qui, en forme de taureau, enl\u00e8ve Europe et l\u2019am\u00e8ne en Cr\u00e8te.<\/p>\n<p>Le fruit de leur union donne naissance \u00e0 Alagonie, le lieu d\u2019origine, la terre natale de la cr\u00e9atrice. Pour vous, l\u2019enl\u00e8vement d\u2019Europe ne repr\u00e9sente qu\u2019une peinture de la Renaissance mais pour la cr\u00e9atrice dont la langue maternelle est le grec, le mot Europe signifie la dame aux grands yeux, aux yeux \u00e9carquill\u00e9s.<\/p>\n<p><\/p>\n<p>C\u2019est sous cette ample perspective de la cr\u00e9atrice originaire de l\u2019Alagonie qu'a \u00e9t\u00e9 nomm\u00e9e la collection des chaussures faites \u00e0 la main et num\u00e9rot\u00e9es pr\u00e9sent\u00e9e par la cr\u00e9atrice pour cette saison, lors de la semaine de la mode.<\/p>\n<p><\/p>\n<p>Ellie a fait des \u00e9tudes en musique ainsi que d'architecture d\u2019int\u00e9rieur afin de r\u00e9pondre aux besoins de l\u2019entreprise de famille dont elle s\u2019occupe; \u00e7a fait 8 ans qu\u2019elle a d\u00e9m\u00e9nag\u00e9 \u00e0 Chania, en Cr\u00e8te, avec sa famille. Unissant ses forces avec son mari qui conna\u00eet l\u2019art ancien de fabrication des sandales, ils ont \u00e9tabli un atelier de fabrication de sandales en cuir, faites \u00e0 la main. Ils s\u2019occupent du dessin et de la fabrication de sandales, de chaussures \u00e0 talon compens\u00e9, de ballerines, de sacs, de boucles d\u2019oreilles, de bracelets et de colliers.<\/p>\n<p><\/p>\t\t\t\t\t\t\t\t<\/div>\n\t\t\t\t<\/div>\n\t\t\t\t\t<\/div>\n\t\t<\/div>\n\t\t\t\t\t<\/div>\n\t\t<\/section>\n\t\t\t\t\t<\/div>\n\t\t<\/div>\n\t\t\t\t\t<\/div>\n\t\t<\/section>\n\t\t\t\t<section class=\"elementor-section elementor-top-section elementor-element elementor-element-8c4d40f elementor-section-boxed elementor-section-height-default elementor-section-height-default\" data-id=\"8c4d40f\" data-element_type=\"section\">\n\t\t\t\t\t\t<div class=\"elementor-container elementor-column-gap-default\">\n\t\t\t\t\t<div class=\"elementor-column elementor-col-100 elementor-top-column elementor-element elementor-element-bfac3fb\" data-id=\"bfac3fb\" data-element_type=\"column\">\n\t\t\t<div class=\"elementor-widget-wrap elementor-element-populated\">\n\t\t\t\t\t\t<div class=\"elementor-element elementor-element-9ff072e elementor-widget elementor-widget-text-editor\" data-id=\"9ff072e\" data-element_type=\"widget\" data-widget_type=\"text-editor.default\">\n\t\t\t\t<div class=\"elementor-widget-container\">\n\t\t\t\t\t\t\t\t\t<p><\/p>\n<p><span style=\"color: #7a7a7a;font-family: Roboto, sans-serif;font-weight: 400;font-size: 14px\">Tr\u00e8s vite, ils sont tomb\u00e9s amoureux de ce travail, et pas \u00e0 pas, ils ont su faire nourrir leurs r\u00eaves ainsi que leurs aspects cr\u00e9atifs. Actuellement, leurs collections pr\u00eat-\u00e0-porter sont disponibles dans plusieurs boutiques en Gr\u00e8ce et \u00e0 l\u2019\u00e9tranger.<\/span><\/p>\n<p><\/p>\n<p>Cette ann\u00e9e, Ellie Lyraraki pr\u00e9sentera sa collection couture Alagonie qui inclut 15 paires de chaussures num\u00e9rot\u00e9es, faites \u00e0 la main, inspir\u00e9es par la civilisation minoenne, la civilisation europ\u00e9enne la plus ancienne, et surtout des fresques c\u00e9l\u00e8bres de Cnossos. Toute la recherche pour la collection a \u00e9t\u00e9 effectu\u00e9e en collaboration avec archeologues et historians, ainsi qu\u2019avec des artisans qui ont vraiment \u00e9tudi\u00e9 \u00e0 fond les techniques utilis\u00e9es pendant le XVIe si\u00e8cle en broderie traditionnelle, faite \u00e0 la main, pour d\u00e9corer les costumes traditionnels, utilisant le fameux fil continu, qui ne se coupe pas.<\/p>\n<p><\/p>\n<p>De plus, pour ces chaussures enti\u00e8rement fabriqu\u00e9es \u00e0 la main, des peintres ont collabor\u00e9 pour appliquer le batik, en utilisant une technique pionni\u00e8re, dans le domaine des chaussures, qui veut que la cire soit mise sur la soie. De l\u2019autre c\u00f4t\u00e9, des orf\u00e8vres ont fabriqu\u00e9 les bijoux en pierres pr\u00e9cieuses et semi-pr\u00e9cieuses qui \u00e9taient par la suite appliqu\u00e9es sur les chaussures ainsi que les collections de bijoux qui les accompagnent.<\/p>\n<p>Un de ces bijoux est l\u2019abeille dor\u00e9e pr\u00e9serv\u00e9e au Mus\u00e9e Britannique: ces yeux sont fabriqu\u00e9s avec des rubis pour les chaussures, avec des brillants noirs pour les boucles d\u2019oreilles et avec des \u00e9meraudes pour le collier. Le taureau, quant \u00e0 lui, il a \u00e9t\u00e9 fait en lapis-lazuli, la pierre que les Minoens eux-m\u00eames utilisaient \u00e9galement!<\/p>\n<p><\/p>\n<p>La collection est compl\u00e9t\u00e9e par des foulards tout en soie, peints \u00e0 la main, \u00e0 l\u2019aide de la technique batik.\nLes chaussures sont accompagn\u00e9es d'une pochette en soie, faite \u00e0 la main, qui est inspir\u00e9e par le vourgali, un type de sac typiquement cr\u00e9tois, sur lequel a \u00e9t\u00e9 cousu, \u00e0 l\u2019aide d\u2019un fil continu, le symbole de l\u2019Alagonie, la petite fleur que l\u2019on trouve sur les fresques de Cnossos.<\/p>\n<p><\/p>\t\t\t\t\t\t\t\t<\/div>\n\t\t\t\t<\/div>\n\t\t\t\t\t<\/div>\n\t\t<\/div>\n\t\t\t\t\t<\/div>\n\t\t<\/section>\n\t\t\t\t<section class=\"elementor-section elementor-top-section elementor-element elementor-element-02db703 elementor-section-boxed elementor-section-height-default elementor-section-height-default\" data-id=\"02db703\" data-element_type=\"section\">\n\t\t\t\t\t\t<div class=\"elementor-container elementor-column-gap-default\">\n\t\t\t\t\t<div class=\"elementor-column elementor-col-100 elementor-top-column elementor-element elementor-element-ee68c92\" data-id=\"ee68c92\" data-element_type=\"column\">\n\t\t\t<div class=\"elementor-widget-wrap elementor-element-populated\">\n\t\t\t\t\t\t<div class=\"elementor-element elementor-element-d700857 elementor-widget elementor-widget-heading\" data-id=\"d700857\" data-element_type=\"widget\" data-widget_type=\"heading.default\">\n\t\t\t\t<div class=\"elementor-widget-container\">\n\t\t\t\t\t<h2 class=\"elementor-heading-title elementor-size-default\">Biography<\/h2>\t\t\t\t<\/div>\n\t\t\t\t<\/div>\n\t\t\t\t\t<\/div>\n\t\t<\/div>\n\t\t\t\t\t<\/div>\n\t\t<\/section>\n\t\t\t\t<section class=\"elementor-section elementor-top-section elementor-element elementor-element-2fbdb9f elementor-section-boxed elementor-section-height-default elementor-section-height-default\" data-id=\"2fbdb9f\" data-element_type=\"section\">\n\t\t\t\t\t\t<div class=\"elementor-container elementor-column-gap-default\">\n\t\t\t\t\t<div class=\"elementor-column elementor-col-100 elementor-top-column elementor-element elementor-element-ecb0a82\" data-id=\"ecb0a82\" data-element_type=\"column\">\n\t\t\t<div class=\"elementor-widget-wrap elementor-element-populated\">\n\t\t\t\t\t\t<div class=\"elementor-element elementor-element-8f17869 elementor-widget elementor-widget-text-editor\" data-id=\"8f17869\" data-element_type=\"widget\" data-widget_type=\"text-editor.default\">\n\t\t\t\t<div class=\"elementor-widget-container\">\n\t\t\t\t\t\t\t\t\t<p>Elli Lyraraki was born and raised in Athens.<\/p>\n<p>She studied music and Interior design.<\/p>\n<p>In recent years, Elli has been living permanently in her place of origin, in Crete.<\/p>\n<p>She is the first Greek Designer to present with great success a collectible line of shoes and jewelry at the Haute Couture Fashion Week in Paris inspired by the Minoan Culture.<\/p>\n<p>All the International Fashion Magazines wrote about this inspiring Collection ALAGONIA-MINOAN STEPS, which captured an entire culture, the First European culture of Europe on shoes.<\/p>\n<p>In the summer of 2019 had the opportunity to accompany her shoes, Victoria&#8217;s Beckam and Isabel&#8217;s Marant collections to an ecofriendly fashion show at Saint Tropez.<\/p>\n<p>In 2020 she had the honor to design the sandals and jewelry for the Tokyo Olympics.<\/p>\n<p>Elli Lyraraki is Art Ambassador of Greece, participating in a new project where distinguished Greek artists present their work in various embassies in Greece and around the world.<\/p>\n<p>She is also a painter and many of her works have been exhibited in various painting exhibitions in Athens, London, Moscow, Instanbul and Cyprus.<\/p>\n<p>She has participated in 2017 in the Group Exhibition of Greek painters at the Mytara Hall in Chalkida, in February 2019 at the Group Exhibition of important Greek painters at the Hellenic-French association in Athens, Kolonaki and in Gallery studio in Kifissia, Athens.<\/p>\n<p>The French-German Channel ART-E presented a Documentary in 2021 about her work and how she is inspired by Minoan Culture and life in modern Crete.<\/p>\n<p>She is the founder of the Minoan Steps Foundation in order to preserve the old arts and traditions inspired by the culture of Crete.<\/p>\n<p>In 2020 opened the first boutique-gallery in Chania, Crete, where all the collections and many of her paintings are presented.<\/p>\n<p>In 2021 The Federation of Olympia commissioned her to design the Jewel-Symbol of The Olympic Sport of Archery.<\/p>\n<p>French Television TV5 MONDE made a tribute to her work in the summer of 2021.<\/p>\n<p>In the Autumn of 2021 she was the speaker at the 12th WORLD PHILOSOPHICAL FORUM held at the &#8220;Parnassos Philological Association in Athens&#8221;.<\/p>\n<p>In October 2021 a series of her paintings works were also exhibited at the Philological Association &#8220;Parnassos&#8221; in Athens.<\/p>\n<p>In April of 2022 designed the Olympic Runner in the context of the Art Excibition of the Street Olympic Truce organized by the Federation of Olympia.<\/p>\n<p>In June of 2022 the First Retrospective Exhibition took place in the Mytara Hall in Chalkida.<\/p>\n<p>In November 2022 she presented a series of her paintings and Jewelry at The Exhibit 8 Gallery in Limassol, Cyprus.<\/p>\n<p>In February 2023 participated at the &#8220;Saw This Made This&#8221;, organized by The Magazine Marie Claire for BOMBAY SAPPHIRE.<\/p>\n<p>2023 was honoured by THE ORGANIZATION His Majesty The Greek Immigrant as one of the\u00a0 151 Greek Women on the\u00a0 world who honor\u00a0 Greece\u00a0<\/p>\n<p>abroad with their work.<\/p>\n<p>In the summer of\u00a0 2023 at the HOUSE OF CULTURE in Rethymno ,it held her first Retrospective Exhibition in Crete under the Auspices of the\u00a0<\/p>\n<p>Region of CRETE in co-organization with the\u00a0 Municipality of Rethymnon.<\/p>\n<p>she has been characterized by The Financial Times as Neo-Minoan aesthetic Designer.<\/p>\n<p>In 2024 she designed The Enthymeme for The Regional Governor of Crete.<\/p>\n<p>In july 2024 ,she represented Greece at The Business Forum Bridge in India in London.<\/p>\n<p>In Novemberr of\u00a0 the same year , she held a retrospective exhibition of her jewelry and paintings at the Greek-French Association\u00a0<\/p>\n<p>in Kolonaki.&#8217;<\/p>\n<p>In 2025\u00a0 ,she created the emblem for the Karolos Kampelopoulos Museum in Chania .<\/p>\n<p>Since June of 2025 she is a contributing writer for the magazine Likewoman.gr<\/p>\n<p>\u00a0<\/p>\t\t\t\t\t\t\t\t<\/div>\n\t\t\t\t<\/div>\n\t\t\t\t\t<\/div>\n\t\t<\/div>\n\t\t\t\t\t<\/div>\n\t\t<\/section>\n\t\t\t\t<\/div>","protected":false},"excerpt":{"rendered":"<p>Walk\u2026 with her She grew up playing with her mother\u2019s fabric scraps from the famous fabric shop of the family or running around the vineyards belonging to her uncles in Crete, who are famous winemakers having received several awards from all over the world for their wines. Elli Lyraraki was born and raised in Athens&#8230;<\/p>","protected":false},"author":1,"featured_media":0,"parent":0,"menu_order":0,"comment_status":"closed","ping_status":"closed","template":"","meta":{"footnotes":""},"class_list":["post-9156","page","type-page","status-publish","hentry"],"_links":{"self":[{"href":"https:\/\/ellilyraraki.com\/fr\/wp-json\/wp\/v2\/pages\/9156","targetHints":{"allow":["GET"]}}],"collection":[{"href":"https:\/\/ellilyraraki.com\/fr\/wp-json\/wp\/v2\/pages"}],"about":[{"href":"https:\/\/ellilyraraki.com\/fr\/wp-json\/wp\/v2\/types\/page"}],"author":[{"embeddable":true,"href":"https:\/\/ellilyraraki.com\/fr\/wp-json\/wp\/v2\/users\/1"}],"replies":[{"embeddable":true,"href":"https:\/\/ellilyraraki.com\/fr\/wp-json\/wp\/v2\/comments?post=9156"}],"version-history":[{"count":0,"href":"https:\/\/ellilyraraki.com\/fr\/wp-json\/wp\/v2\/pages\/9156\/revisions"}],"wp:attachment":[{"href":"https:\/\/ellilyraraki.com\/fr\/wp-json\/wp\/v2\/media?parent=9156"}],"curies":[{"name":"wp","href":"https:\/\/api.w.org\/{rel}","templated":true}]}}